{"id":283,"date":"2017-06-12T23:13:50","date_gmt":"2017-06-12T23:13:50","guid":{"rendered":"http:\/\/originalforces.com\/?page_id=283"},"modified":"2020-03-17T19:38:48","modified_gmt":"2020-03-17T19:38:48","slug":"services","status":"publish","type":"page","link":"https:\/\/originalforces.com\/index.php\/services\/","title":{"rendered":"Servicios"},"content":{"rendered":"<p>Estamos para prestar un servicio que se ajuste a tus necesidades e iremos m\u00e1s all\u00e1.<\/p>\n<ul>\n<li>\n<h4>BRANDING<\/h4>\n<\/li>\n<li>\n<h4>CAMPA\u00d1AS PUBLICITARIAS<\/h4>\n<\/li>\n<li>\n<h4>ESTRATEGIAS DE MARCA<\/h4>\n<\/li>\n<li>\n<h4>DIRECCI\u00d3N DE ARTE<\/h4>\n<\/li>\n<li>\n<h4>DIRECCI\u00d3N CREATIVA<\/h4>\n<\/li>\n<li>\n<h4>FOTOGRAF\u00cdA<\/h4>\n<\/li>\n<li>\n<h4>WEB DESIGN<\/h4>\n<\/li>\n<li>\n<h4>SEO<\/h4>\n<\/li>\n<li>\n<h4>VIDEOS INSTITUCIONALES<\/h4>\n<\/li>\n<li>\n<h4>CREACI\u00d3N MUSICAL PUBLICITARIA<\/h4>\n<\/li>\n<\/ul>\n","protected":false},"excerpt":{"rendered":"<p>Estamos para prestar un servicio que se ajuste a tus necesidades e iremos m\u00e1s all\u00e1. BRANDING CAMPA\u00d1AS PUBLICITARIAS ESTRATEGIAS DE MARCA DIRECCI\u00d3N DE ARTE DIRECCI\u00d3N CREATIVA FOTOGRAF\u00cdA WEB DESIGN SEO [&hellip;]<\/p>\n<p><a href=\"https:\/\/originalforces.com\/index.php\/services\/\" class=\"more-link style1-button\">Read More<\/a><\/p>","protected":false},"author":1,"featured_media":0,"parent":0,"menu_order":0,"comment_status":"closed","ping_status":"closed","template":"","meta":[],"_links":{"self":[{"href":"https:\/\/originalforces.com\/index.php\/wp-json\/wp\/v2\/pages\/283"}],"collection":[{"href":"https:\/\/originalforces.com\/index.php\/wp-json\/wp\/v2\/pages"}],"about":[{"href":"https:\/\/originalforces.com\/index.php\/wp-json\/wp\/v2\/types\/page"}],"author":[{"embeddable":true,"href":"https:\/\/originalforces.com\/index.php\/wp-json\/wp\/v2\/users\/1"}],"replies":[{"embeddable":true,"href":"https:\/\/originalforces.com\/index.php\/wp-json\/wp\/v2\/comments?post=283"}],"version-history":[{"count":7,"href":"https:\/\/originalforces.com\/index.php\/wp-json\/wp\/v2\/pages\/283\/revisions"}],"predecessor-version":[{"id":446,"href":"https:\/\/originalforces.com\/index.php\/wp-json\/wp\/v2\/pages\/283\/revisions\/446"}],"wp:attachment":[{"href":"https:\/\/originalforces.com\/index.php\/wp-json\/wp\/v2\/media?parent=283"}],"curies":[{"name":"wp","href":"https:\/\/api.w.org\/{rel}","templated":true}]}}